{"id":2552,"date":"2022-06-22T10:29:48","date_gmt":"2022-06-22T08:29:48","guid":{"rendered":"https:\/\/www.labanqueoutarde.sn\/legal-notice\/"},"modified":"2022-10-03T21:50:28","modified_gmt":"2022-10-03T19:50:28","slug":"legal-notice","status":"publish","type":"page","link":"https:\/\/www.labanqueoutarde.sn\/en\/legal-notice\/","title":{"rendered":"Legal Notice"},"content":{"rendered":"<div class=\"fusion-fullwidth fullwidth-box fusion-builder-row-1 fusion-flex-container nonhundred-percent-fullwidth non-hundred-percent-height-scrolling\" style=\"--awb-border-radius-top-left:0px;--awb-border-radius-top-right:0px;--awb-border-radius-bottom-right:0px;--awb-border-radius-bottom-left:0px;--awb-padding-top:90px;--awb-padding-bottom:90px;--awb-flex-wrap:wrap;\" ><div class=\"fusion-builder-row fusion-row fusion-flex-align-items-flex-start fusion-flex-content-wrap\" style=\"max-width:1227.2px;margin-left: calc(-4% \/ 2 );margin-right: calc(-4% \/ 2 );\"><div class=\"fusion-layout-column fusion_builder_column fusion-builder-column-0 fusion_builder_column_1_1 1_1 fusion-flex-column\" style=\"--awb-bg-size:cover;--awb-width-large:100%;--awb-margin-top-large:0px;--awb-spacing-right-large:1.92%;--awb-margin-bottom-large:20px;--awb-spacing-left-large:1.92%;--awb-width-medium:100%;--awb-order-medium:0;--awb-spacing-right-medium:1.92%;--awb-spacing-left-medium:1.92%;--awb-width-small:100%;--awb-order-small:0;--awb-spacing-right-small:1.92%;--awb-spacing-left-small:1.92%;\"><div class=\"fusion-column-wrapper fusion-column-has-shadow fusion-flex-justify-content-flex-start fusion-content-layout-column\"><div class=\"fusion-text fusion-text-1\"><h2>La Banque Outarde<\/h2>\n<p>Public limited company with a Board of Directors and a capital of fifteen billion two hundred million (15,200,000,000) CFA francs<br \/>Head Office<br \/>20, Boulevard de la R\u00e9publique, Dakar \u2013 S\u00e9n\u00e9gal, BP 11214<br \/>RCCM: No. SN DKR 2016-B-6228, registered on the list of WAMU banks under No. K0200G<br \/>Tel: +221 33 889 49 49 \u2013 Fax: +221 33 889 49 19<br \/>Email: <a href=\"mailto:contact@labanqueoutarde.sn\">contact@labanqueoutarde.sn<\/a> &#8211; Website: <a href=\"https:\/\/www.labanqueoutarde.sn\/en\/\">www.labanqueoutarde.sn<\/a><\/p>\n<h3 style=\"margin-top: 50px;\">Personal data<\/h3>\n<p>La Banque Outarde is responsible for processing personal data and is committed to respecting users\u2019 privacy. These data are used within the framework of the bank\u2019s operations and are not shared in any way for commercial purposes. We also undertake to strictly respect the confidentiality of this information.<\/p>\n<p>The personal data collected on the website via the forms are processed and intended only for support in decision-making on account openings, to prepare and\/or supply our banking services and products, to manage loan applications or prospecting and promotion operations.<\/p>\n<p>This customer information will be shared with certain service providers (cheque printers, card customizers, credit reporting agencies, etc.), who are also bound by an obligation of confidentiality when processing this data.<\/p>\n<p>As such, in accordance with law No. 2008-12 of 25 January 2008, you can request that inaccurate, incomplete or outdated data be modified or deleted. With a legitimate reason, you may object at any time to the processing of your personal data, in the understanding that this opposition may make it impossible for the bank to provide the product or service purchased. To exercise these rights, simply contact us by e-mail at contact@labanqueoutarde.sn, or by post at the following address:<\/p>\n<p><em>La Banque Outarde<\/em><br \/>ead Office<br \/>20, Boulevard de la R\u00e9publique, Dakar &#8211; S\u00e9n\u00e9gal, BP 11214<\/p>\n<p>Your personal data remains strictly confidential and protected. We have very strict security measures and suitable operational procedures in place. Access to your personal data is restricted to bank employees who need it to provide you with our products and services.<\/p>\n<h3 style=\"margin-top: 50px;\">Cookies<\/h3>\n<p>Cookies are installed on your computer so that you can browse the Website safely. Cookies are not used for commercial purposes.<\/p>\n<p>By continuing to browse our Website, you accept that cookies will be stored on your device. You can go back on this decision at any time by opposing cookie storage. In this case, your browsing experience on the Website may be affected.<\/p>\n<\/div><\/div><\/div><\/div><\/div>\n","protected":false},"excerpt":{"rendered":"","protected":false},"author":7,"featured_media":0,"parent":0,"menu_order":0,"comment_status":"closed","ping_status":"closed","template":"100-width.php","meta":{"footnotes":""},"class_list":["post-2552","page","type-page","status-publish","hentry"],"yoast_head":"<!-- This site is optimized with the Yoast SEO plugin v21.4 - https:\/\/yoast.com\/wordpress\/plugins\/seo\/ -->\n<title>Legal Notice - La Banque Outarde<\/title>\n<meta name=\"description\" content=\"Personal data, cookies, capital amount... Consult our legal notice.\" \/>\n<meta name=\"robots\" content=\"index, follow, max-snippet:-1, max-image-preview:large, max-video-preview:-1\" \/>\n<link rel=\"canonical\" href=\"https:\/\/www.labanqueoutarde.sn\/en\/legal-notice\/\" \/>\n<meta property=\"og:locale\" content=\"en_US\" \/>\n<meta property=\"og:type\" content=\"article\" \/>\n<meta property=\"og:title\" content=\"Legal Notice - La Banque Outarde\" \/>\n<meta property=\"og:description\" content=\"Personal data, cookies, capital amount... Consult our legal notice.\" \/>\n<meta property=\"og:url\" content=\"https:\/\/www.labanqueoutarde.sn\/en\/legal-notice\/\" \/>\n<meta property=\"og:site_name\" content=\"La Banque Outarde\" \/>\n<meta property=\"article:modified_time\" content=\"2022-10-03T19:50:28+00:00\" \/>\n<meta name=\"twitter:card\" content=\"summary_large_image\" \/>\n<meta name=\"twitter:label1\" content=\"Est. reading time\" \/>\n\t<meta name=\"twitter:data1\" content=\"4 minutes\" \/>\n<script type=\"application\/ld+json\" class=\"yoast-schema-graph\">{\"@context\":\"https:\/\/schema.org\",\"@graph\":[{\"@type\":\"WebPage\",\"@id\":\"https:\/\/www.labanqueoutarde.sn\/en\/legal-notice\/\",\"url\":\"https:\/\/www.labanqueoutarde.sn\/en\/legal-notice\/\",\"name\":\"Legal Notice - La Banque Outarde\",\"isPartOf\":{\"@id\":\"https:\/\/www.labanqueoutarde.sn\/en\/#website\"},\"datePublished\":\"2022-06-22T08:29:48+00:00\",\"dateModified\":\"2022-10-03T19:50:28+00:00\",\"description\":\"Personal data, cookies, capital amount... Consult our legal notice.\",\"breadcrumb\":{\"@id\":\"https:\/\/www.labanqueoutarde.sn\/en\/legal-notice\/#breadcrumb\"},\"inLanguage\":\"en-US\",\"potentialAction\":[{\"@type\":\"ReadAction\",\"target\":[\"https:\/\/www.labanqueoutarde.sn\/en\/legal-notice\/\"]}]},{\"@type\":\"BreadcrumbList\",\"@id\":\"https:\/\/www.labanqueoutarde.sn\/en\/legal-notice\/#breadcrumb\",\"itemListElement\":[{\"@type\":\"ListItem\",\"position\":1,\"name\":\"Accueil\",\"item\":\"https:\/\/www.labanqueoutarde.sn\/en\/\"},{\"@type\":\"ListItem\",\"position\":2,\"name\":\"Legal Notice\"}]},{\"@type\":\"WebSite\",\"@id\":\"https:\/\/www.labanqueoutarde.sn\/en\/#website\",\"url\":\"https:\/\/www.labanqueoutarde.sn\/en\/\",\"name\":\"La Banque Outarde\",\"description\":\"La Banque des Entreprises et des Entrepreneurs\",\"potentialAction\":[{\"@type\":\"SearchAction\",\"target\":{\"@type\":\"EntryPoint\",\"urlTemplate\":\"https:\/\/www.labanqueoutarde.sn\/en\/?s={search_term_string}\"},\"query-input\":\"required name=search_term_string\"}],\"inLanguage\":\"en-US\"}]}<\/script>\n<!-- \/ Yoast SEO plugin. -->","yoast_head_json":{"title":"Legal Notice - La Banque Outarde","description":"Personal data, cookies, capital amount... Consult our legal notice.","robots":{"index":"index","follow":"follow","max-snippet":"max-snippet:-1","max-image-preview":"max-image-preview:large","max-video-preview":"max-video-preview:-1"},"canonical":"https:\/\/www.labanqueoutarde.sn\/en\/legal-notice\/","og_locale":"en_US","og_type":"article","og_title":"Legal Notice - La Banque Outarde","og_description":"Personal data, cookies, capital amount... Consult our legal notice.","og_url":"https:\/\/www.labanqueoutarde.sn\/en\/legal-notice\/","og_site_name":"La Banque Outarde","article_modified_time":"2022-10-03T19:50:28+00:00","twitter_card":"summary_large_image","twitter_misc":{"Est. reading time":"4 minutes"},"schema":{"@context":"https:\/\/schema.org","@graph":[{"@type":"WebPage","@id":"https:\/\/www.labanqueoutarde.sn\/en\/legal-notice\/","url":"https:\/\/www.labanqueoutarde.sn\/en\/legal-notice\/","name":"Legal Notice - La Banque Outarde","isPartOf":{"@id":"https:\/\/www.labanqueoutarde.sn\/en\/#website"},"datePublished":"2022-06-22T08:29:48+00:00","dateModified":"2022-10-03T19:50:28+00:00","description":"Personal data, cookies, capital amount... Consult our legal notice.","breadcrumb":{"@id":"https:\/\/www.labanqueoutarde.sn\/en\/legal-notice\/#breadcrumb"},"inLanguage":"en-US","potentialAction":[{"@type":"ReadAction","target":["https:\/\/www.labanqueoutarde.sn\/en\/legal-notice\/"]}]},{"@type":"BreadcrumbList","@id":"https:\/\/www.labanqueoutarde.sn\/en\/legal-notice\/#breadcrumb","itemListElement":[{"@type":"ListItem","position":1,"name":"Accueil","item":"https:\/\/www.labanqueoutarde.sn\/en\/"},{"@type":"ListItem","position":2,"name":"Legal Notice"}]},{"@type":"WebSite","@id":"https:\/\/www.labanqueoutarde.sn\/en\/#website","url":"https:\/\/www.labanqueoutarde.sn\/en\/","name":"La Banque Outarde","description":"La Banque des Entreprises et des Entrepreneurs","potentialAction":[{"@type":"SearchAction","target":{"@type":"EntryPoint","urlTemplate":"https:\/\/www.labanqueoutarde.sn\/en\/?s={search_term_string}"},"query-input":"required name=search_term_string"}],"inLanguage":"en-US"}]}},"_links":{"self":[{"href":"https:\/\/www.labanqueoutarde.sn\/en\/wp-json\/wp\/v2\/pages\/2552","targetHints":{"allow":["GET"]}}],"collection":[{"href":"https:\/\/www.labanqueoutarde.sn\/en\/wp-json\/wp\/v2\/pages"}],"about":[{"href":"https:\/\/www.labanqueoutarde.sn\/en\/wp-json\/wp\/v2\/types\/page"}],"author":[{"embeddable":true,"href":"https:\/\/www.labanqueoutarde.sn\/en\/wp-json\/wp\/v2\/users\/7"}],"replies":[{"embeddable":true,"href":"https:\/\/www.labanqueoutarde.sn\/en\/wp-json\/wp\/v2\/comments?post=2552"}],"version-history":[{"count":0,"href":"https:\/\/www.labanqueoutarde.sn\/en\/wp-json\/wp\/v2\/pages\/2552\/revisions"}],"wp:attachment":[{"href":"https:\/\/www.labanqueoutarde.sn\/en\/wp-json\/wp\/v2\/media?parent=2552"}],"curies":[{"name":"wp","href":"https:\/\/api.w.org\/{rel}","templated":true}]}}